{"id":105,"date":"2016-09-28T17:15:48","date_gmt":"2016-09-28T15:15:48","guid":{"rendered":"http:\/\/golfprodiscount.de\/dev\/?page_id=105"},"modified":"2016-09-28T17:17:05","modified_gmt":"2016-09-28T15:17:05","slug":"welcher-schaft-ist-der-richtige-fuer-sie","status":"publish","type":"page","link":"https:\/\/golfprodiscount.de\/dev\/welcher-schaft-ist-der-richtige-fuer-sie\/","title":{"rendered":"Welcher Schaft ist der Richtige f\u00fcr Sie?"},"content":{"rendered":"<p>Welcher Schaft ist der richtige f\u00fcr Sie?<\/p>\n<p>Bei vielen Schl\u00e4gern k\u00f6nnen Sie w\u00e4hlen, mit welchem Schaft er ausgestattet werden kann. Auch wenn sich die verf\u00fcgbare Auswahl an Sch\u00e4ften von Hersteller zu Hersteller unterscheidet und es gerade bei Clone Schl\u00e4gern eine besonders gro\u00dfe Auswahl gibt, lautet die Grundsatzfrage in der Regel: Stahl oder Graphit?<\/p>\n<p><strong>Stahlschaft oder Graphitschaft?<\/strong><br \/>\nGraphitsch\u00e4fte sind normalerweise leichter als Stahlsch\u00e4fte und absorbieren Vibrationen besser. Generell geben Sie ein &#8220;weicheres Gef\u00fchl&#8221; beim Schlag. Vielen Spielern f\u00e4llt es leichter, mit Graphitsch\u00e4ften gr\u00f6\u00dfere Weiten zu erreichen, da Sie diese schneller schwingen k\u00f6nnen.<\/p>\n<p>Stahlsch\u00e4fte hingegen sind schwerer und erzeugen in der Regel stabilere Schl\u00e4ge. Viele Spieler sch\u00e4tzen dabei das direktere Feedback, das ein Stahlschaft gibt.<\/p>\n<p>Neben Stahl- und Graphit kommen selten andere Materialien zum Einsatz, manchmal auch verschiedene zusammen &#8211; z.B. Carbon und Bambus.<\/p>\n<p>So pauschal l\u00e4sst sich die Frage nach dem richtigen Material also nicht beantworten, da das Spektrum der Eigenschaften jeweils sehr breit sein kann.<\/p>\n<p><strong>Der Flex<\/strong><br \/>\nBei der Auswahl des richtigen Schafts ist der Flex die wichtigste Eigenschaft. Der Flex gibt an, um wieviel sich der Schaft unter einer gewissen Belastung verbiegt.<\/p>\n<p>Eine schnelle und einfache Bestimmung des Flex ist mit folgender Faustregel m\u00f6glich: Wie weit schlagen Sie mit dem Eisen 7 unter realistischen Bedingungen. Bitte ber\u00fccksichtigen Sie dabei nur den Carry, also die Entfernung, die der Ball tats\u00e4chlich fliegt:<\/p>\n<p>Entfernung \u00a0 Flex<br \/>\n50m-70m \u00a0 \u00a0 \u00a0L-Flex<br \/>\n70-90m \u00a0 \u00a0 \u00a0 \u00a0 A-Flex<br \/>\n90-130m \u00a0 \u00a0 \u00a0 R-Flex<br \/>\n130-150m \u00a0 \u00a0 S-Flex<br \/>\n\u00fcber 150m \u00a0 \u00a0XS-Flex<\/p>\n<p>F\u00fcr die meisten Spieler ist es zudem besser, im Zweifel lieber eine Stufe weicher zu w\u00e4hlen.<\/p>\n","protected":false},"excerpt":{"rendered":"<p>Welcher Schaft ist der richtige f\u00fcr Sie? Bei vielen Schl\u00e4gern k\u00f6nnen Sie w\u00e4hlen, mit welchem Schaft er ausgestattet werden kann. Auch wenn sich die verf\u00fcgbare Auswahl an Sch\u00e4ften von Hersteller zu Hersteller unterscheidet und es gerade bei Clone Schl\u00e4gern eine besonders gro\u00dfe Auswahl gibt, lautet die Grundsatzfrage in der Regel: Stahl oder Graphit? Stahlschaft oder Graphitschaft? Graphitsch\u00e4fte sind normalerweise leichter [&hellip;]<\/p>\n","protected":false},"author":1,"featured_media":0,"parent":0,"menu_order":0,"comment_status":"closed","ping_status":"closed","template":"","meta":[],"_links":{"self":[{"href":"https:\/\/golfprodiscount.de\/dev\/wp-json\/wp\/v2\/pages\/105"}],"collection":[{"href":"https:\/\/golfprodiscount.de\/dev\/wp-json\/wp\/v2\/pages"}],"about":[{"href":"https:\/\/golfprodiscount.de\/dev\/wp-json\/wp\/v2\/types\/page"}],"author":[{"embeddable":true,"href":"https:\/\/golfprodiscount.de\/dev\/wp-json\/wp\/v2\/users\/1"}],"replies":[{"embeddable":true,"href":"https:\/\/golfprodiscount.de\/dev\/wp-json\/wp\/v2\/comments?post=105"}],"version-history":[{"count":2,"href":"https:\/\/golfprodiscount.de\/dev\/wp-json\/wp\/v2\/pages\/105\/revisions"}],"predecessor-version":[{"id":108,"href":"https:\/\/golfprodiscount.de\/dev\/wp-json\/wp\/v2\/pages\/105\/revisions\/108"}],"wp:attachment":[{"href":"https:\/\/golfprodiscount.de\/dev\/wp-json\/wp\/v2\/media?parent=105"}],"curies":[{"name":"wp","href":"https:\/\/api.w.org\/{rel}","templated":true}]}}