{"id":109,"date":"2016-09-28T17:18:27","date_gmt":"2016-09-28T15:18:27","guid":{"rendered":"http:\/\/golfprodiscount.de\/dev\/?page_id=109"},"modified":"2016-09-28T17:18:27","modified_gmt":"2016-09-28T15:18:27","slug":"tipps-infos","status":"publish","type":"page","link":"https:\/\/golfprodiscount.de\/dev\/tipps-infos\/","title":{"rendered":"Tipps &#038; Infos"},"content":{"rendered":"<p>An dieser Stelle finden Sie einige interessante Tipps, Links und Infos f\u00fcr Golfer. Sie haben einen Vorschlag? Schreiben Sie an info@golfnewsletter.info!<\/p>\n<p>Golfseiten<br \/>\nDer Golfnewsletter<br \/>\nDer Golfnewsletter versorgt Sie einmal pro Woche mit vielen interessanten Infos aus der Welt des Golfsports.<\/p>\n<p>Die Cybergolf Seiten von Eugen Pletsch<br \/>\ncybergolf.de ist eine der \u00e4ltesten und bekanntesten Golfseiten im deutschsprachigen Raum. Aus der Golf-Linksammlung des Golfautors Eugen Pletsch wurde mit der Zeit ein humorvoll\/kritisches Portal f\u00fcr \u201eGolf &#038; Bewusstsein\u201c. Mittlerweile wird Cybergolf.de monatlich von etlichen Tausend Golfinteressierten besucht.  Der Ableger cybergolfnews.de bietet aktuelle Nachrichten rund um den Golfsport sowie die wichtigsten Foren und Blogs auf einen Blick. Auf Deutschlands Golfblog Nr.1 www.golfgaga.de (benannt nach seinem Bestseller &#8220;Golf Gaga \u2013 der Fluch der wei\u00dfen Kugel&#8221;) schreibt der bekennende Golfgagaist Eugen Pletsch in unregelm\u00e4\u00dfigen Abst\u00e4nden seine meist deftigen satirischen &#8220;Notizen&#8221; \u00fcber den allgemeinen Golfwahnsinn.<\/p>\n<p>Sparen, Sparen, Sparen<br \/>\nSie suchen g\u00fcnstige Angebote rund ums Golfen? Bei Schottengolf finden Sie hochwertige Golfprodukte. Das Layout ist billig, aber die Preise auch.<\/p>\n<p>Shot online<br \/>\nSie wollen virtuell Golfen? Mit dem kostenlosen online Golfspiel Shot online kein Problem. \u00dcber 50.000 virtuelle Golfer sind dabei. Hier geht es zur Anmeldung.<\/p>\n<p>Golfzeitschriften<br \/>\nZeitschriftenabos<br \/>\nEs gibt viele interessante Zeitschriften rund ums Golfen &#8211; einige stellen wir Ihnen hier vor:<br \/>\nEine der coolsten ist sicherlich Golfpunk &#8211; das richtige Magazin f\u00fcr den modernen, selbstbewussten und jungen Golfer.<br \/>\nInternational anerkannt ist Golf Tips, ein englischsprachiges Magazin, das quartalsweise erscheint und mit fundierten Tips rund ums Golfen \u00fcberzeugt.<\/p>\n","protected":false},"excerpt":{"rendered":"<p>An dieser Stelle finden Sie einige interessante Tipps, Links und Infos f\u00fcr Golfer. Sie haben einen Vorschlag? Schreiben Sie an info@golfnewsletter.info! Golfseiten Der Golfnewsletter Der Golfnewsletter versorgt Sie einmal pro Woche mit vielen interessanten Infos aus der Welt des Golfsports. Die Cybergolf Seiten von Eugen Pletsch cybergolf.de ist eine der \u00e4ltesten und bekanntesten Golfseiten im deutschsprachigen Raum. Aus der Golf-Linksammlung [&hellip;]<\/p>\n","protected":false},"author":1,"featured_media":0,"parent":0,"menu_order":0,"comment_status":"closed","ping_status":"closed","template":"","meta":[],"_links":{"self":[{"href":"https:\/\/golfprodiscount.de\/dev\/wp-json\/wp\/v2\/pages\/109"}],"collection":[{"href":"https:\/\/golfprodiscount.de\/dev\/wp-json\/wp\/v2\/pages"}],"about":[{"href":"https:\/\/golfprodiscount.de\/dev\/wp-json\/wp\/v2\/types\/page"}],"author":[{"embeddable":true,"href":"https:\/\/golfprodiscount.de\/dev\/wp-json\/wp\/v2\/users\/1"}],"replies":[{"embeddable":true,"href":"https:\/\/golfprodiscount.de\/dev\/wp-json\/wp\/v2\/comments?post=109"}],"version-history":[{"count":1,"href":"https:\/\/golfprodiscount.de\/dev\/wp-json\/wp\/v2\/pages\/109\/revisions"}],"predecessor-version":[{"id":110,"href":"https:\/\/golfprodiscount.de\/dev\/wp-json\/wp\/v2\/pages\/109\/revisions\/110"}],"wp:attachment":[{"href":"https:\/\/golfprodiscount.de\/dev\/wp-json\/wp\/v2\/media?parent=109"}],"curies":[{"name":"wp","href":"https:\/\/api.w.org\/{rel}","templated":true}]}}