{"id":116,"date":"2016-09-28T17:24:30","date_gmt":"2016-09-28T15:24:30","guid":{"rendered":"http:\/\/golfprodiscount.de\/dev\/?page_id=116"},"modified":"2016-09-28T17:28:20","modified_gmt":"2016-09-28T15:28:20","slug":"fitting-koerpergroesse-160-164cm-schritt-2","status":"publish","type":"page","link":"https:\/\/golfprodiscount.de\/dev\/fitting-koerpergroesse-160-164cm-schritt-2\/","title":{"rendered":"Fitting K\u00f6rpergr\u00f6\u00dfe 160-164cm &#8211; Schritt 2"},"content":{"rendered":"<p>Bitte stellen Sie sich gerade hin und messen den Abstand zwischen dem Beginn Ihres Handgelenks und dem Fu\u00dfboden. Sie sollten dabei idealerweise Ihre Golfschuhe oder anderes normales Schuhwerk tragen.<\/p>\n<p>Blicken Sie gerade nach vorne, stehen Sie entspannt, lassen Sie die Arme locker.<\/p>\n<p>Rechtsh\u00e4nder messen den Abstand der linken Hand, Linksh\u00e4nder den Abstand der rechten Hand &#8211; die Hilfe einer zweiten Person ist hilfreich.<\/p>\n<p><strong>Bitte klicken Sie auf das erzielte Ergebnis:<\/strong><\/p>\n<p><a href=\"http:\/\/golfprodiscount.de\/dev\/ergebnis-kuerzung-des-schafts-um-05-inch\/\">96cm-105cm<\/a><br \/>\n<a href=\"http:\/\/golfprodiscount.de\/dev\/ergebnis-kuerzung-des-schafts-um-075-inch\/\">91cm-95cm<\/a><br \/>\n<a href=\"http:\/\/golfprodiscount.de\/dev\/ergebnis-kuerzung-des-schafts-um-1-inch\/\">86cm-90cm<\/a><br \/>\n<a href=\"http:\/\/golfprodiscount.de\/dev\/ergebnis-kuerzung-des-schafts-um-15-inch\/\">81cm-85cm<\/a><\/p>\n<p>Wussten Sie schon?<br \/>\nWir passen auch bereits vorhandene Golfschl\u00e4ger gerne an Ihre W\u00fcnsche an! Unser Reparaturservice macht es m\u00f6glich!<\/p>\n","protected":false},"excerpt":{"rendered":"<p>Bitte stellen Sie sich gerade hin und messen den Abstand zwischen dem Beginn Ihres Handgelenks und dem Fu\u00dfboden. Sie sollten dabei idealerweise Ihre Golfschuhe oder anderes normales Schuhwerk tragen. Blicken Sie gerade nach vorne, stehen Sie entspannt, lassen Sie die Arme locker. Rechtsh\u00e4nder messen den Abstand der linken Hand, Linksh\u00e4nder den Abstand der rechten Hand &#8211; die Hilfe einer zweiten [&hellip;]<\/p>\n","protected":false},"author":1,"featured_media":0,"parent":0,"menu_order":0,"comment_status":"closed","ping_status":"closed","template":"","meta":[],"_links":{"self":[{"href":"https:\/\/golfprodiscount.de\/dev\/wp-json\/wp\/v2\/pages\/116"}],"collection":[{"href":"https:\/\/golfprodiscount.de\/dev\/wp-json\/wp\/v2\/pages"}],"about":[{"href":"https:\/\/golfprodiscount.de\/dev\/wp-json\/wp\/v2\/types\/page"}],"author":[{"embeddable":true,"href":"https:\/\/golfprodiscount.de\/dev\/wp-json\/wp\/v2\/users\/1"}],"replies":[{"embeddable":true,"href":"https:\/\/golfprodiscount.de\/dev\/wp-json\/wp\/v2\/comments?post=116"}],"version-history":[{"count":2,"href":"https:\/\/golfprodiscount.de\/dev\/wp-json\/wp\/v2\/pages\/116\/revisions"}],"predecessor-version":[{"id":127,"href":"https:\/\/golfprodiscount.de\/dev\/wp-json\/wp\/v2\/pages\/116\/revisions\/127"}],"wp:attachment":[{"href":"https:\/\/golfprodiscount.de\/dev\/wp-json\/wp\/v2\/media?parent=116"}],"curies":[{"name":"wp","href":"https:\/\/api.w.org\/{rel}","templated":true}]}}