{"id":118,"date":"2016-09-28T17:25:27","date_gmt":"2016-09-28T15:25:27","guid":{"rendered":"http:\/\/golfprodiscount.de\/dev\/?page_id=118"},"modified":"2016-09-28T17:25:27","modified_gmt":"2016-09-28T15:25:27","slug":"ergebnis-kuerzung-des-schafts-um-05-inch","status":"publish","type":"page","link":"https:\/\/golfprodiscount.de\/dev\/ergebnis-kuerzung-des-schafts-um-05-inch\/","title":{"rendered":"Ergebnis: K\u00fcrzung des Schafts um 0,5 inch"},"content":{"rendered":"<p>Aufgrund Ihrer Angaben empfehlen wir Ihnen eine Verk\u00fcrzung der Schaftl\u00e4nge um 0,5 inch.<\/p>\n<p>Bei Ihrer Bestellung nehmen wir dann automatische eine Lie-Anpassung um 1\u00b0 down vor. Individuelle weitergehende Anpassungen realisieren wir auf Wunsch ebenfalls gerne.<\/p>\n<p><strong>Tipp<\/strong><br \/>\nSie suchen ein Komplettset, dass Sie Ihren W\u00fcnschen anpassen k\u00f6nnen? Dann empehlen wir Ihnen z.B. das Komperdell VS08 f\u00fcr Spieler mit einem Handicap zwischen 45 und 12.<\/p>\n<p>Das Set ist f\u00fcr Rechts- und Linksh\u00e4nder verf\u00fcgbar, L\u00e4ngen- und viele weitere Anpassungen sind nach Ihren Vorgaben m\u00f6glich.<\/p>\n<p>&#8211; Oversize Eisen mit sehr tiefem Schwerpunkt \u2013 besonders fehlerverzeihend<br \/>\n&#8211; optimale Gewichtsverteilung durch Flow Weight System, ausgewogen konfigurierte Schwungmasse<br \/>\n&#8211; 5er Eisen: mehr Gewicht im Toe-Bereich<br \/>\n&#8211; 9er Eisen: mehr Gewicht im Heel-Bereich<br \/>\n&#8211; einfach zu spielen aufgrund der gro\u00dfen Schlagfl\u00e4che<\/p>\n","protected":false},"excerpt":{"rendered":"<p>Aufgrund Ihrer Angaben empfehlen wir Ihnen eine Verk\u00fcrzung der Schaftl\u00e4nge um 0,5 inch. Bei Ihrer Bestellung nehmen wir dann automatische eine Lie-Anpassung um 1\u00b0 down vor. Individuelle weitergehende Anpassungen realisieren wir auf Wunsch ebenfalls gerne. Tipp Sie suchen ein Komplettset, dass Sie Ihren W\u00fcnschen anpassen k\u00f6nnen? Dann empehlen wir Ihnen z.B. das Komperdell VS08 f\u00fcr Spieler mit einem Handicap zwischen [&hellip;]<\/p>\n","protected":false},"author":1,"featured_media":0,"parent":0,"menu_order":0,"comment_status":"closed","ping_status":"closed","template":"","meta":[],"_links":{"self":[{"href":"https:\/\/golfprodiscount.de\/dev\/wp-json\/wp\/v2\/pages\/118"}],"collection":[{"href":"https:\/\/golfprodiscount.de\/dev\/wp-json\/wp\/v2\/pages"}],"about":[{"href":"https:\/\/golfprodiscount.de\/dev\/wp-json\/wp\/v2\/types\/page"}],"author":[{"embeddable":true,"href":"https:\/\/golfprodiscount.de\/dev\/wp-json\/wp\/v2\/users\/1"}],"replies":[{"embeddable":true,"href":"https:\/\/golfprodiscount.de\/dev\/wp-json\/wp\/v2\/comments?post=118"}],"version-history":[{"count":1,"href":"https:\/\/golfprodiscount.de\/dev\/wp-json\/wp\/v2\/pages\/118\/revisions"}],"predecessor-version":[{"id":119,"href":"https:\/\/golfprodiscount.de\/dev\/wp-json\/wp\/v2\/pages\/118\/revisions\/119"}],"wp:attachment":[{"href":"https:\/\/golfprodiscount.de\/dev\/wp-json\/wp\/v2\/media?parent=118"}],"curies":[{"name":"wp","href":"https:\/\/api.w.org\/{rel}","templated":true}]}}