{"id":120,"date":"2016-09-28T17:26:08","date_gmt":"2016-09-28T15:26:08","guid":{"rendered":"http:\/\/golfprodiscount.de\/dev\/?page_id=120"},"modified":"2016-09-28T17:26:08","modified_gmt":"2016-09-28T15:26:08","slug":"ergebnis-kuerzung-des-schafts-um-075-inch","status":"publish","type":"page","link":"https:\/\/golfprodiscount.de\/dev\/ergebnis-kuerzung-des-schafts-um-075-inch\/","title":{"rendered":"Ergebnis: K\u00fcrzung des Schafts um 0,75 inch"},"content":{"rendered":"<p>Aufgrund Ihrer Angaben ergibt sich eine rechnerische Verk\u00fcrzung der Schaftl\u00e4nge um 0,75 inch. Je nach Gusto k\u00f6nnen Sie jedoch auch einen um 0,5 inch oder 1 inch verk\u00fcrzten Schl\u00e4ger bestellen. Da unser Bestellsystem bei der L\u00e4ngenanpassung nur 0,5 inch Schritte anzeigt, vermerken Sie die Anpassung von -0,75 inch bei Ihrer Bestellung bitte gesondert.<\/p>\n<p>Eine Lie-Anpassung nehmen wir bei Bestellung automatisch vor (1\u00b0 down). Individuelle Lieanpassungen sind auf Wunsch m\u00f6glich.<\/p>\n<p><strong>Tipp<\/strong><br \/>\nDer Grand Hawk 460 Driver ist ein sog. Clone, d.h. er ist ein Nachbau eines renommierten Markenschl\u00e4gers zum g\u00fcnstigen Preis.<\/p>\n<p>Hinsichtlich L\u00e4nge, Lie, Loft, Schaft, Griff und weiterer Eigenschaften l\u00e4sst er sich nach Ihren W\u00fcnschen anpassen.<\/p>\n","protected":false},"excerpt":{"rendered":"<p>Aufgrund Ihrer Angaben ergibt sich eine rechnerische Verk\u00fcrzung der Schaftl\u00e4nge um 0,75 inch. Je nach Gusto k\u00f6nnen Sie jedoch auch einen um 0,5 inch oder 1 inch verk\u00fcrzten Schl\u00e4ger bestellen. Da unser Bestellsystem bei der L\u00e4ngenanpassung nur 0,5 inch Schritte anzeigt, vermerken Sie die Anpassung von -0,75 inch bei Ihrer Bestellung bitte gesondert. Eine Lie-Anpassung nehmen wir bei Bestellung automatisch [&hellip;]<\/p>\n","protected":false},"author":1,"featured_media":0,"parent":0,"menu_order":0,"comment_status":"closed","ping_status":"closed","template":"","meta":[],"_links":{"self":[{"href":"https:\/\/golfprodiscount.de\/dev\/wp-json\/wp\/v2\/pages\/120"}],"collection":[{"href":"https:\/\/golfprodiscount.de\/dev\/wp-json\/wp\/v2\/pages"}],"about":[{"href":"https:\/\/golfprodiscount.de\/dev\/wp-json\/wp\/v2\/types\/page"}],"author":[{"embeddable":true,"href":"https:\/\/golfprodiscount.de\/dev\/wp-json\/wp\/v2\/users\/1"}],"replies":[{"embeddable":true,"href":"https:\/\/golfprodiscount.de\/dev\/wp-json\/wp\/v2\/comments?post=120"}],"version-history":[{"count":1,"href":"https:\/\/golfprodiscount.de\/dev\/wp-json\/wp\/v2\/pages\/120\/revisions"}],"predecessor-version":[{"id":121,"href":"https:\/\/golfprodiscount.de\/dev\/wp-json\/wp\/v2\/pages\/120\/revisions\/121"}],"wp:attachment":[{"href":"https:\/\/golfprodiscount.de\/dev\/wp-json\/wp\/v2\/media?parent=120"}],"curies":[{"name":"wp","href":"https:\/\/api.w.org\/{rel}","templated":true}]}}