{"id":122,"date":"2016-09-28T17:26:39","date_gmt":"2016-09-28T15:26:39","guid":{"rendered":"http:\/\/golfprodiscount.de\/dev\/?page_id=122"},"modified":"2016-09-28T17:26:39","modified_gmt":"2016-09-28T15:26:39","slug":"ergebnis-kuerzung-des-schafts-um-1-inch","status":"publish","type":"page","link":"https:\/\/golfprodiscount.de\/dev\/ergebnis-kuerzung-des-schafts-um-1-inch\/","title":{"rendered":"Ergebnis: K\u00fcrzung des Schafts um 1 inch"},"content":{"rendered":"<p>Aufgrund Ihrer Angaben empfehlen wir Ihnen eine Verk\u00fcrzung der Schaftl\u00e4nge um 1 inch.<\/p>\n<p>Den Lie passen wir 2\u00b0 down an. Diese Lieanpassung wird bei der Bestellung automatisch ber\u00fccksichtigt. Individuelle Lieanpassungen sind auf Wunsch m\u00f6glich.<\/p>\n<p><strong>Tipp<\/strong><br \/>\nViele gute Spieler schw\u00f6ren auf eine Gunmetal Lackierung, da diese st\u00f6rende Sonnenspiegelungen verhindert.<\/p>\n<p>Das Inazone Gun Metal Wedge ist aus 8620er mild Stahl gefertigt und bietet dementsprechend ein extra weiches Gef\u00fchl f\u00fcr maximale Spinkontrolle.<\/p>\n<p>Das Wedge l\u00e4\u00dft sich in unserem Shop nach Ihren W\u00fcnschen anpassen.<\/p>\n","protected":false},"excerpt":{"rendered":"<p>Aufgrund Ihrer Angaben empfehlen wir Ihnen eine Verk\u00fcrzung der Schaftl\u00e4nge um 1 inch. Den Lie passen wir 2\u00b0 down an. Diese Lieanpassung wird bei der Bestellung automatisch ber\u00fccksichtigt. Individuelle Lieanpassungen sind auf Wunsch m\u00f6glich. Tipp Viele gute Spieler schw\u00f6ren auf eine Gunmetal Lackierung, da diese st\u00f6rende Sonnenspiegelungen verhindert. Das Inazone Gun Metal Wedge ist aus 8620er mild Stahl gefertigt und [&hellip;]<\/p>\n","protected":false},"author":1,"featured_media":0,"parent":0,"menu_order":0,"comment_status":"closed","ping_status":"closed","template":"","meta":[],"_links":{"self":[{"href":"https:\/\/golfprodiscount.de\/dev\/wp-json\/wp\/v2\/pages\/122"}],"collection":[{"href":"https:\/\/golfprodiscount.de\/dev\/wp-json\/wp\/v2\/pages"}],"about":[{"href":"https:\/\/golfprodiscount.de\/dev\/wp-json\/wp\/v2\/types\/page"}],"author":[{"embeddable":true,"href":"https:\/\/golfprodiscount.de\/dev\/wp-json\/wp\/v2\/users\/1"}],"replies":[{"embeddable":true,"href":"https:\/\/golfprodiscount.de\/dev\/wp-json\/wp\/v2\/comments?post=122"}],"version-history":[{"count":1,"href":"https:\/\/golfprodiscount.de\/dev\/wp-json\/wp\/v2\/pages\/122\/revisions"}],"predecessor-version":[{"id":123,"href":"https:\/\/golfprodiscount.de\/dev\/wp-json\/wp\/v2\/pages\/122\/revisions\/123"}],"wp:attachment":[{"href":"https:\/\/golfprodiscount.de\/dev\/wp-json\/wp\/v2\/media?parent=122"}],"curies":[{"name":"wp","href":"https:\/\/api.w.org\/{rel}","templated":true}]}}