{"id":124,"date":"2016-09-28T17:27:18","date_gmt":"2016-09-28T15:27:18","guid":{"rendered":"http:\/\/golfprodiscount.de\/dev\/?page_id=124"},"modified":"2016-09-28T17:27:18","modified_gmt":"2016-09-28T15:27:18","slug":"ergebnis-kuerzung-des-schafts-um-15-inch","status":"publish","type":"page","link":"https:\/\/golfprodiscount.de\/dev\/ergebnis-kuerzung-des-schafts-um-15-inch\/","title":{"rendered":"Ergebnis: K\u00fcrzung des Schafts um 1,5 inch"},"content":{"rendered":"<p>Aufgrund Ihrer Angaben empfehlen wir Ihnen eine Verk\u00fcrzung der Schaftl\u00e4nge um 1,5 inch.<\/p>\n<p>Der Lie sollte 3\u00b0 flat angepasst werden. Bestellen Sie bei uns einen um 1,5 inch verk\u00fcrzten Schl\u00e4ger, wird diese Lieanpassung automatisch ber\u00fccksichtigt. Andere Lie-Anpassungen sind auf Wunsch m\u00f6glich.<\/p>\n<p><strong>Tipp<\/strong><\/p>\n<p>Die Grand Hawk Angel Hybrids sind die richtige Wahl f\u00fcr alle Spieler, die Probleme mit dem langen Eisen haben, denn durch den tiefen Schwerpunkt und die gro\u00dfe, abgerundete Sohle sind die &#8220;Angel&#8221; verzeihender und viel leichter zu treffen.<\/p>\n<p>Nat\u00fcrlich k\u00f6nnen Sie diesen Schl\u00e4ger in unserem Shop nach Ihren W\u00fcnschen anpassen.<\/p>\n","protected":false},"excerpt":{"rendered":"<p>Aufgrund Ihrer Angaben empfehlen wir Ihnen eine Verk\u00fcrzung der Schaftl\u00e4nge um 1,5 inch. Der Lie sollte 3\u00b0 flat angepasst werden. Bestellen Sie bei uns einen um 1,5 inch verk\u00fcrzten Schl\u00e4ger, wird diese Lieanpassung automatisch ber\u00fccksichtigt. Andere Lie-Anpassungen sind auf Wunsch m\u00f6glich. Tipp Die Grand Hawk Angel Hybrids sind die richtige Wahl f\u00fcr alle Spieler, die Probleme mit dem langen Eisen [&hellip;]<\/p>\n","protected":false},"author":1,"featured_media":0,"parent":0,"menu_order":0,"comment_status":"closed","ping_status":"closed","template":"","meta":[],"_links":{"self":[{"href":"https:\/\/golfprodiscount.de\/dev\/wp-json\/wp\/v2\/pages\/124"}],"collection":[{"href":"https:\/\/golfprodiscount.de\/dev\/wp-json\/wp\/v2\/pages"}],"about":[{"href":"https:\/\/golfprodiscount.de\/dev\/wp-json\/wp\/v2\/types\/page"}],"author":[{"embeddable":true,"href":"https:\/\/golfprodiscount.de\/dev\/wp-json\/wp\/v2\/users\/1"}],"replies":[{"embeddable":true,"href":"https:\/\/golfprodiscount.de\/dev\/wp-json\/wp\/v2\/comments?post=124"}],"version-history":[{"count":1,"href":"https:\/\/golfprodiscount.de\/dev\/wp-json\/wp\/v2\/pages\/124\/revisions"}],"predecessor-version":[{"id":125,"href":"https:\/\/golfprodiscount.de\/dev\/wp-json\/wp\/v2\/pages\/124\/revisions\/125"}],"wp:attachment":[{"href":"https:\/\/golfprodiscount.de\/dev\/wp-json\/wp\/v2\/media?parent=124"}],"curies":[{"name":"wp","href":"https:\/\/api.w.org\/{rel}","templated":true}]}}