{"id":134,"date":"2016-09-28T19:05:15","date_gmt":"2016-09-28T17:05:15","guid":{"rendered":"http:\/\/golfprodiscount.de\/dev\/?page_id=134"},"modified":"2016-09-28T19:05:15","modified_gmt":"2016-09-28T17:05:15","slug":"fitting-koerpergroesse-170-174cm-schritt-2","status":"publish","type":"page","link":"https:\/\/golfprodiscount.de\/dev\/fitting-koerpergroesse-170-174cm-schritt-2\/","title":{"rendered":"Fitting K\u00f6rpergr\u00f6\u00dfe 170-174cm &#8211; Schritt 2"},"content":{"rendered":"<p>Bitte stellen Sie sich gerade hin und messen den Abstand zwischen dem Beginn Ihres Handgelenks und dem Fu\u00dfboden. Sie sollten dabei idealerweise Ihre Golfschuhe oder anderes normales Schuhwerk tragen.<\/p>\n<p>Blicken Sie gerade nach vorne, stehen Sie entspannt, lassen Sie die Arme locker.<\/p>\n<p>Rechtsh\u00e4nder messen den Abstand der linken Hand, Linksh\u00e4nder den Abstand der rechten Hand &#8211; die Hilfe einer zweiten Person ist hilfreich.<\/p>\n<p>Bitte klicken Sie auf das erzielte Ergebnis:<\/p>\n<p>100cm-105cm<br \/>\n96cm-99cm<br \/>\n90cm-95cm<br \/>\n83cm-89cm<br \/>\n81cm-82cm<\/p>\n<p><strong>Wussten Sie schon?<\/strong><br \/>\nMit einem Broomstick-Putter vermeiden Sie ein Verreissen beim Putten. So spielt Bernhard Langer schon seit vielen Jahren mit einem Broomstick Putter. <\/p>\n","protected":false},"excerpt":{"rendered":"<p>Bitte stellen Sie sich gerade hin und messen den Abstand zwischen dem Beginn Ihres Handgelenks und dem Fu\u00dfboden. Sie sollten dabei idealerweise Ihre Golfschuhe oder anderes normales Schuhwerk tragen. Blicken Sie gerade nach vorne, stehen Sie entspannt, lassen Sie die Arme locker. Rechtsh\u00e4nder messen den Abstand der linken Hand, Linksh\u00e4nder den Abstand der rechten Hand &#8211; die Hilfe einer zweiten [&hellip;]<\/p>\n","protected":false},"author":1,"featured_media":0,"parent":0,"menu_order":0,"comment_status":"closed","ping_status":"closed","template":"","meta":[],"_links":{"self":[{"href":"https:\/\/golfprodiscount.de\/dev\/wp-json\/wp\/v2\/pages\/134"}],"collection":[{"href":"https:\/\/golfprodiscount.de\/dev\/wp-json\/wp\/v2\/pages"}],"about":[{"href":"https:\/\/golfprodiscount.de\/dev\/wp-json\/wp\/v2\/types\/page"}],"author":[{"embeddable":true,"href":"https:\/\/golfprodiscount.de\/dev\/wp-json\/wp\/v2\/users\/1"}],"replies":[{"embeddable":true,"href":"https:\/\/golfprodiscount.de\/dev\/wp-json\/wp\/v2\/comments?post=134"}],"version-history":[{"count":1,"href":"https:\/\/golfprodiscount.de\/dev\/wp-json\/wp\/v2\/pages\/134\/revisions"}],"predecessor-version":[{"id":135,"href":"https:\/\/golfprodiscount.de\/dev\/wp-json\/wp\/v2\/pages\/134\/revisions\/135"}],"wp:attachment":[{"href":"https:\/\/golfprodiscount.de\/dev\/wp-json\/wp\/v2\/media?parent=134"}],"curies":[{"name":"wp","href":"https:\/\/api.w.org\/{rel}","templated":true}]}}