{"id":136,"date":"2016-09-28T19:05:59","date_gmt":"2016-09-28T17:05:59","guid":{"rendered":"http:\/\/golfprodiscount.de\/dev\/?page_id=136"},"modified":"2016-09-28T19:05:59","modified_gmt":"2016-09-28T17:05:59","slug":"fitting-koerpergroesse-175-184cm-schritt-2","status":"publish","type":"page","link":"https:\/\/golfprodiscount.de\/dev\/fitting-koerpergroesse-175-184cm-schritt-2\/","title":{"rendered":"Fitting K\u00f6rpergr\u00f6\u00dfe 175-184cm &#8211; Schritt 2"},"content":{"rendered":"<p>Bitte stellen Sie sich gerade hin und messen den Abstand zwischen dem Beginn Ihres Handgelenks und dem Fu\u00dfboden. Sie sollten dabei idealerweise Ihre Golfschuhe oder anderes normales Schuhwerk tragen.<\/p>\n<p>Blicken Sie gerade nach vorne, stehen Sie entspannt, lassen Sie die Arme locker.<\/p>\n<p>Rechtsh\u00e4nder messen den Abstand der linken Hand, Linksh\u00e4nder den Abstand der rechten Hand &#8211; die Hilfe einer zweiten Person ist hilfreich.<\/p>\n<p>Bitte klicken Sie auf das erzielte Ergebnis:<\/p>\n<p>101cm-105cm<br \/>\n97cm-100cm<br \/>\n91cm-96cm<br \/>\n84cm-90cm<br \/>\n81cm-83cm<\/p>\n<p><strong>Wussten Sie schon?<\/strong><br \/>\nEin innovativer Putter ist der Komperdell M7 Broomstick. Dank eines Teleskoparms kann er sowohl als Bellyputter als auch als Broomstick genutzt werden.<\/p>\n","protected":false},"excerpt":{"rendered":"<p>Bitte stellen Sie sich gerade hin und messen den Abstand zwischen dem Beginn Ihres Handgelenks und dem Fu\u00dfboden. Sie sollten dabei idealerweise Ihre Golfschuhe oder anderes normales Schuhwerk tragen. Blicken Sie gerade nach vorne, stehen Sie entspannt, lassen Sie die Arme locker. Rechtsh\u00e4nder messen den Abstand der linken Hand, Linksh\u00e4nder den Abstand der rechten Hand &#8211; die Hilfe einer zweiten [&hellip;]<\/p>\n","protected":false},"author":1,"featured_media":0,"parent":0,"menu_order":0,"comment_status":"closed","ping_status":"closed","template":"","meta":[],"_links":{"self":[{"href":"https:\/\/golfprodiscount.de\/dev\/wp-json\/wp\/v2\/pages\/136"}],"collection":[{"href":"https:\/\/golfprodiscount.de\/dev\/wp-json\/wp\/v2\/pages"}],"about":[{"href":"https:\/\/golfprodiscount.de\/dev\/wp-json\/wp\/v2\/types\/page"}],"author":[{"embeddable":true,"href":"https:\/\/golfprodiscount.de\/dev\/wp-json\/wp\/v2\/users\/1"}],"replies":[{"embeddable":true,"href":"https:\/\/golfprodiscount.de\/dev\/wp-json\/wp\/v2\/comments?post=136"}],"version-history":[{"count":1,"href":"https:\/\/golfprodiscount.de\/dev\/wp-json\/wp\/v2\/pages\/136\/revisions"}],"predecessor-version":[{"id":137,"href":"https:\/\/golfprodiscount.de\/dev\/wp-json\/wp\/v2\/pages\/136\/revisions\/137"}],"wp:attachment":[{"href":"https:\/\/golfprodiscount.de\/dev\/wp-json\/wp\/v2\/media?parent=136"}],"curies":[{"name":"wp","href":"https:\/\/api.w.org\/{rel}","templated":true}]}}