{"id":142,"date":"2016-09-28T19:08:07","date_gmt":"2016-09-28T17:08:07","guid":{"rendered":"http:\/\/golfprodiscount.de\/dev\/?page_id=142"},"modified":"2016-09-28T19:08:07","modified_gmt":"2016-09-28T17:08:07","slug":"fitting-herren-koerpergroesse-195-205cm-schritt-2","status":"publish","type":"page","link":"https:\/\/golfprodiscount.de\/dev\/fitting-herren-koerpergroesse-195-205cm-schritt-2\/","title":{"rendered":"Fitting Herren K\u00f6rpergr\u00f6\u00dfe 195-205cm &#8211; Schritt 2"},"content":{"rendered":"<p>Bitte stellen Sie sich gerade hin und messen den Abstand zwischen dem Beginn Ihres Handgelenks und dem Fu\u00dfboden. Sie sollten dabei idealerweise Ihre Golfschuhe oder anderes normales Schuhwerk tragen.<\/p>\n<p>Blicken Sie gerade nach vorne, stehen Sie entspannt, lassen Sie die Arme locker.<\/p>\n<p>Rechtsh\u00e4nder messen den Abstand der linken Hand, Linksh\u00e4nder den Abstand der rechten Hand &#8211; die Hilfe einer zweiten Person ist hilfreich.<\/p>\n<p>Bitte klicken Sie auf das erzielte Ergebnis:<\/p>\n<p>103cm-105cm<br \/>\n101cm-102cm<br \/>\n96cm-100cm<br \/>\n91cm-95cm<br \/>\n81cm-90cm<\/p>\n<p><strong>Wussten Sie schon?<\/strong><br \/>\nAuch Sonderw\u00fcnsche bei der Ma\u00dfanfertigung von Golfschl\u00e4gern setzen wir gerne um! Wenn Sie in unserem Shop nicht die gew\u00fcnschte Konfiguration finden, sprechen Sie uns einfach an.<\/p>\n","protected":false},"excerpt":{"rendered":"<p>Bitte stellen Sie sich gerade hin und messen den Abstand zwischen dem Beginn Ihres Handgelenks und dem Fu\u00dfboden. Sie sollten dabei idealerweise Ihre Golfschuhe oder anderes normales Schuhwerk tragen. Blicken Sie gerade nach vorne, stehen Sie entspannt, lassen Sie die Arme locker. Rechtsh\u00e4nder messen den Abstand der linken Hand, Linksh\u00e4nder den Abstand der rechten Hand &#8211; die Hilfe einer zweiten [&hellip;]<\/p>\n","protected":false},"author":1,"featured_media":0,"parent":0,"menu_order":0,"comment_status":"closed","ping_status":"closed","template":"","meta":[],"_links":{"self":[{"href":"https:\/\/golfprodiscount.de\/dev\/wp-json\/wp\/v2\/pages\/142"}],"collection":[{"href":"https:\/\/golfprodiscount.de\/dev\/wp-json\/wp\/v2\/pages"}],"about":[{"href":"https:\/\/golfprodiscount.de\/dev\/wp-json\/wp\/v2\/types\/page"}],"author":[{"embeddable":true,"href":"https:\/\/golfprodiscount.de\/dev\/wp-json\/wp\/v2\/users\/1"}],"replies":[{"embeddable":true,"href":"https:\/\/golfprodiscount.de\/dev\/wp-json\/wp\/v2\/comments?post=142"}],"version-history":[{"count":1,"href":"https:\/\/golfprodiscount.de\/dev\/wp-json\/wp\/v2\/pages\/142\/revisions"}],"predecessor-version":[{"id":143,"href":"https:\/\/golfprodiscount.de\/dev\/wp-json\/wp\/v2\/pages\/142\/revisions\/143"}],"wp:attachment":[{"href":"https:\/\/golfprodiscount.de\/dev\/wp-json\/wp\/v2\/media?parent=142"}],"curies":[{"name":"wp","href":"https:\/\/api.w.org\/{rel}","templated":true}]}}