{"id":152,"date":"2016-09-29T09:34:41","date_gmt":"2016-09-29T07:34:41","guid":{"rendered":"http:\/\/golfprodiscount.de\/dev\/?page_id=152"},"modified":"2016-09-29T09:34:41","modified_gmt":"2016-09-29T07:34:41","slug":"ihre-individuelle-schaftlaenge-beim-clubfitting-standard","status":"publish","type":"page","link":"https:\/\/golfprodiscount.de\/dev\/ihre-individuelle-schaftlaenge-beim-clubfitting-standard\/","title":{"rendered":"Ihre individuelle Schaftl\u00e4nge beim Clubfitting: Standard"},"content":{"rendered":"<p>Sie haben faktisch die volle Auswahl: Die Standardl\u00e4nge der Golfschl\u00e4ger ist gleichzeitig die f\u00fcr Sie individuelle L\u00e4nge.<\/p>\n<p>Auch eine Anpassung des Lie ist normalerweise nicht erforderlich.<\/p>\n<p><strong>Unser Tipp:<\/strong><br \/>\nWenn Sie Einsteiger sind, empfehlen wir Ihnen f\u00fcr den Anfang durchaus ein preisg\u00fcnstiges Komplettset, z.B. das Kanzen Komplettset, mit dem Sie sofort durchstarten k\u00f6nnen.<\/p>\n<p>Als fortgeschrittener Spieler sollten Sie sich Clone Schl\u00e4ger einmal n\u00e4her ansehen. Clones sind Nachbauten von Markenschl\u00e4gern, ohne allerdings Urheber- und Markenrechte zu verletzen. Sie erhalten einen individuellen Schl\u00e4ger mit den Eigenschaften eines hochwertigen Markenschl\u00e4gers zum g\u00fcnstigen Preis. Gerne beraten wir Sie!<\/p>\n","protected":false},"excerpt":{"rendered":"<p>Sie haben faktisch die volle Auswahl: Die Standardl\u00e4nge der Golfschl\u00e4ger ist gleichzeitig die f\u00fcr Sie individuelle L\u00e4nge. Auch eine Anpassung des Lie ist normalerweise nicht erforderlich. Unser Tipp: Wenn Sie Einsteiger sind, empfehlen wir Ihnen f\u00fcr den Anfang durchaus ein preisg\u00fcnstiges Komplettset, z.B. das Kanzen Komplettset, mit dem Sie sofort durchstarten k\u00f6nnen. Als fortgeschrittener Spieler sollten Sie sich Clone Schl\u00e4ger [&hellip;]<\/p>\n","protected":false},"author":1,"featured_media":0,"parent":0,"menu_order":0,"comment_status":"closed","ping_status":"closed","template":"","meta":[],"_links":{"self":[{"href":"https:\/\/golfprodiscount.de\/dev\/wp-json\/wp\/v2\/pages\/152"}],"collection":[{"href":"https:\/\/golfprodiscount.de\/dev\/wp-json\/wp\/v2\/pages"}],"about":[{"href":"https:\/\/golfprodiscount.de\/dev\/wp-json\/wp\/v2\/types\/page"}],"author":[{"embeddable":true,"href":"https:\/\/golfprodiscount.de\/dev\/wp-json\/wp\/v2\/users\/1"}],"replies":[{"embeddable":true,"href":"https:\/\/golfprodiscount.de\/dev\/wp-json\/wp\/v2\/comments?post=152"}],"version-history":[{"count":1,"href":"https:\/\/golfprodiscount.de\/dev\/wp-json\/wp\/v2\/pages\/152\/revisions"}],"predecessor-version":[{"id":153,"href":"https:\/\/golfprodiscount.de\/dev\/wp-json\/wp\/v2\/pages\/152\/revisions\/153"}],"wp:attachment":[{"href":"https:\/\/golfprodiscount.de\/dev\/wp-json\/wp\/v2\/media?parent=152"}],"curies":[{"name":"wp","href":"https:\/\/api.w.org\/{rel}","templated":true}]}}