{"id":154,"date":"2016-09-29T09:35:49","date_gmt":"2016-09-29T07:35:49","guid":{"rendered":"http:\/\/golfprodiscount.de\/dev\/?page_id=154"},"modified":"2016-09-29T09:35:49","modified_gmt":"2016-09-29T07:35:49","slug":"ergebnis-kuerzung-des-schafts-um-025-inch","status":"publish","type":"page","link":"https:\/\/golfprodiscount.de\/dev\/ergebnis-kuerzung-des-schafts-um-025-inch\/","title":{"rendered":"Ergebnis: K\u00fcrzung des Schafts um 0,25 inch"},"content":{"rendered":"<p>Rein rechnerisch ergibt sich aus Ihren Angaben eine Verk\u00fcrzung der Schaftl\u00e4nge um 0,25 Inch. Diese \u00c4nderung ist aber minimal. Sie haben daher aus unserer Sicht die Wahl:<\/p>\n<p>Sie belassen es bei der Standardl\u00e4nge.<br \/>\nSie bestellen einen um 0,5 inch verk\u00fcrzten Schl\u00e4ger.<br \/>\nOder Sie lassen tats\u00e4chlich eine Anpassung um genau 0,25 inch vornehmen. Bitte beachten Sie, dass Sie diese Anpassung bei Bestellung manuell angeben.<br \/>\nWenn Sie Ihren Schl\u00e4ger angepasst bestellen, nehmen wir automatisch eine Lieanpassung vor, die sich nach der L\u00e4ngenanpassung richtet.<\/p>\n<p><strong>Tipp<\/strong><br \/>\nDer Grand Hawk GTD Interfuse IW-3 ist der ideale Driver bei leichten Sliceproblemen. Es handelt sich dabei um einen Clone Schl\u00e4ger, der den Eigenschaften eines Markenschl\u00e4gers nachempfunden ist.<\/p>\n<p>Hinsichtlich der Anpassung dieses Schl\u00e4gers (Custom-Fitting) sind Sie weitgehend frei.<\/p>\n","protected":false},"excerpt":{"rendered":"<p>Rein rechnerisch ergibt sich aus Ihren Angaben eine Verk\u00fcrzung der Schaftl\u00e4nge um 0,25 Inch. Diese \u00c4nderung ist aber minimal. Sie haben daher aus unserer Sicht die Wahl: Sie belassen es bei der Standardl\u00e4nge. Sie bestellen einen um 0,5 inch verk\u00fcrzten Schl\u00e4ger. Oder Sie lassen tats\u00e4chlich eine Anpassung um genau 0,25 inch vornehmen. Bitte beachten Sie, dass Sie diese Anpassung bei [&hellip;]<\/p>\n","protected":false},"author":1,"featured_media":0,"parent":0,"menu_order":0,"comment_status":"closed","ping_status":"closed","template":"","meta":[],"_links":{"self":[{"href":"https:\/\/golfprodiscount.de\/dev\/wp-json\/wp\/v2\/pages\/154"}],"collection":[{"href":"https:\/\/golfprodiscount.de\/dev\/wp-json\/wp\/v2\/pages"}],"about":[{"href":"https:\/\/golfprodiscount.de\/dev\/wp-json\/wp\/v2\/types\/page"}],"author":[{"embeddable":true,"href":"https:\/\/golfprodiscount.de\/dev\/wp-json\/wp\/v2\/users\/1"}],"replies":[{"embeddable":true,"href":"https:\/\/golfprodiscount.de\/dev\/wp-json\/wp\/v2\/comments?post=154"}],"version-history":[{"count":1,"href":"https:\/\/golfprodiscount.de\/dev\/wp-json\/wp\/v2\/pages\/154\/revisions"}],"predecessor-version":[{"id":155,"href":"https:\/\/golfprodiscount.de\/dev\/wp-json\/wp\/v2\/pages\/154\/revisions\/155"}],"wp:attachment":[{"href":"https:\/\/golfprodiscount.de\/dev\/wp-json\/wp\/v2\/media?parent=154"}],"curies":[{"name":"wp","href":"https:\/\/api.w.org\/{rel}","templated":true}]}}