{"id":76,"date":"2016-09-28T11:42:09","date_gmt":"2016-09-28T09:42:09","guid":{"rendered":"http:\/\/golfprodiscount.de\/dev\/?page_id=76"},"modified":"2016-09-28T13:07:08","modified_gmt":"2016-09-28T11:07:08","slug":"fitting-beim-putter","status":"publish","type":"page","link":"https:\/\/golfprodiscount.de\/dev\/fitting-beim-putter\/","title":{"rendered":"Fitting beim Putter"},"content":{"rendered":"<p>Fitting beim Putter?<\/p>\n<p>Der Putter ist sicherlich der wichtigste Schl\u00e4ger im Satz, die meisten Spiele werden beim Putten gewonnen oder verloren. Dementsprechend haben wir auch eine gro\u00dfe Auswahl an Puttern in unserem Angebot verf\u00fcgbar.<\/p>\n<p>Putter Fitting ist eher un\u00fcblich, denn gerade beim Putter schw\u00f6rt jeder Spieler auf sein eigenes Gef\u00fchl &#8211; feste Regeln gibt es dabei also eigentlich nicht. Wir wollen Ihnen aber einige Tipps geben, die Sie bei der Auswahl des richtigen Putters beachten sollten.<\/p>\n<p><strong>Die richtige L\u00e4nge beim Putter<\/strong><br \/>\nEine Bestimmung der f\u00fcr Sie wahrscheinlich richtigen Putterl\u00e4nge ergibt sich in folgenden Schritten:<\/p>\n<p><strong>1. K\u00f6rpergr\u00f6\u00dfe<\/strong><\/p>\n<p>Gr\u00f6\u00dfe (cm):\t155\t160\t165\t170\t175\t180\t185\t190\t195<br \/>\nPutterl\u00e4nge (inch):\t32,5\t33\t33,5\t34\t34,5\t35\t35,5\t36\t36,5<br \/>\nWenn Sie keine au\u00dfergew\u00f6hnliche Technik verwenden oder keinen ungew\u00f6hnlichen Handgelenkabstand haben, ist diese L\u00e4nge normalerweise passend, dies best\u00e4tigen z.B. die Forschungen von Kramski. Ist der gew\u00fcnschte Putter nicht in der ermittelten L\u00e4nge verf\u00fcgbar, runden Sie auf Grundlage der Tendenzen, die sich aus den unteren Schritten ergeben, auf- oder ab.<\/p>\n<p><strong>2. Handgelenkabstand<\/strong><\/p>\n<p>Messen Sie Ihren Handgelenkabstand. Dazu stellen Sie sich gerade hin und messen den Abstand zwischen dem Beginn Ihres Handgelenks und dem Fu\u00dfboden. Sie sollten dabei idealerweise Ihre Golfschuhe oder anderes normales Schuhwerk tragen. Blicken Sie gerade nach vorne, stehen Sie entspannt, lassen Sie die Arme locker. Rechtsh\u00e4nder messen den Abstand der linken Hand, Linksh\u00e4nder den Abstand der rechten Hand.<\/p>\n<p>Teilen Sie Ihre K\u00f6rpergr\u00f6\u00dfe durch zwei. Weicht der Handgelenkabstand um mehr als 5 cm von der halbierten K\u00f6rpergr\u00f6\u00dfe ab, gilt folgendes:<\/p>\n<p>Mehr als 5 cm (der Handgelenkabstand ist mehr als 5 cm l\u00e4nger als die K\u00f6rpergr\u00f6\u00dfe\/2): addieren Sie 0,25 inch<br \/>\nWeniger als 5 cm (der Handgelenkabstand ist mehr als 5 cm k\u00fcrzer als die K\u00f6rpergr\u00f6\u00dfe\/2): ziehen Sie 0,25 inc ab<\/p>\n<p><strong>3. Ansprechhaltung<\/strong><br \/>\n<br \/>\nJe nach bevorzugter Technik ergeben sich folgende Anpassungen:<\/p>\n<p>Ansprechstellung tief geb\u00fcckt:1 inch abziehen<br \/>\nNormale Ansprechstellung: keine \u00c4nderung<br \/>\nEher gerade bis gestreckte Ansprechstellung: 1 inch addieren<\/p>\n<p><strong>4. Abstand der H\u00e4nde zum K\u00f6rper beim Putten<\/strong><\/p>\n<p>Wenn Sie die H\u00e4nde beim Putten sehr nah am K\u00f6rper halten, ist eine K\u00fcrzung um weitere 0,5 inch sinnvoll.<\/p>\n<p><strong>5. Putterhaltung<\/strong><\/p>\n<p>Halten Sie den Putter sehr gerade? Dann ziehen Sie weitere 0,75 inch ab. Bei &#8220;\u00fcblicher&#8221; Schr\u00e4ghaltung ist keine weitere L\u00e4ngenanpassung n\u00f6tig.<\/p>\n<p><strong>Sonderform: Belly-Putter<\/strong><br \/>\nBeim Belly-Putter hat der Schaft eine L\u00e4nge von (meistens) 43 Zoll. Entweder wird das obere Ende des Griffes mit einer Hand an den Bauch gepresst, w\u00e4hrend die andere Hand weiter unten greift oder man fixiert das obere Ende am Bauchnabel, indem beide H\u00e4nde den Schl\u00e4ger in Richtung Bauch ziehen. Die Bewegung des Schl\u00e4gers erfolgt dann fast ausschlie\u00dflich durch eine Drehbewegung des Oberk\u00f6rpers. Diese ist f\u00fcr die meisten Spieler besser zu kontrollieren als ein Schwingen in den Armen. Sergio Garcia, Newcomer des Jahres 2008, spielt seit dem Umstieg auf einen Belly Putter weitaus besser als mit einem normalen Putter.<\/p>\n<p>Wenn Sie einmal preiswert einen Belly-Putter testen wollen, empfehlen wir Ihnen den Silverline New Port Belly Putter.<\/p>\n<p>Sonderform: Broomstick-Putter<br \/>\nNoch l\u00e4nger als ein Belly Putter ist ein Broomstick, der meistens 48 Zoll lang ist; man setzt ihn am Kinn oder Hals an, wobei das obere Ende des Griffes mit einer Hand unterhalb des Kopfes fixiert wird. Mit der  zweiten Hand f\u00fchrt man dann eine Pendelbewegung aus. Damit vermeidet man weitgehend, den Schlag durch ein leichtes Zucken oder Verrei\u00dfen (Yips) unsauber auszuf\u00fchren. Bernhard Langer spielt schon seit vielen Jahren mit einem Broomstick.<\/p>\n<p>Ein Top Broomstick Putter ist der Kramski HPP 400.<\/p>\n<p>Tipp: Teleskop-Putter<br \/>\nWer sich nicht zwischen Belly-Putter und Teleskop Putter entscheiden kann, sollte zum Komperdell M7 Broomstick greifen. Mittels des Teleskopgriffs kann er sowohl als Belly als auch als Broomstick Putter eingesetzt werden.<\/p>\n","protected":false},"excerpt":{"rendered":"<p>Fitting beim Putter? Der Putter ist sicherlich der wichtigste Schl\u00e4ger im Satz, die meisten Spiele werden beim Putten gewonnen oder verloren. Dementsprechend haben wir auch eine gro\u00dfe Auswahl an Puttern in unserem Angebot verf\u00fcgbar. Putter Fitting ist eher un\u00fcblich, denn gerade beim Putter schw\u00f6rt jeder Spieler auf sein eigenes Gef\u00fchl &#8211; feste Regeln gibt es dabei also eigentlich nicht. Wir [&hellip;]<\/p>\n","protected":false},"author":1,"featured_media":0,"parent":0,"menu_order":0,"comment_status":"closed","ping_status":"closed","template":"","meta":[],"_links":{"self":[{"href":"https:\/\/golfprodiscount.de\/dev\/wp-json\/wp\/v2\/pages\/76"}],"collection":[{"href":"https:\/\/golfprodiscount.de\/dev\/wp-json\/wp\/v2\/pages"}],"about":[{"href":"https:\/\/golfprodiscount.de\/dev\/wp-json\/wp\/v2\/types\/page"}],"author":[{"embeddable":true,"href":"https:\/\/golfprodiscount.de\/dev\/wp-json\/wp\/v2\/users\/1"}],"replies":[{"embeddable":true,"href":"https:\/\/golfprodiscount.de\/dev\/wp-json\/wp\/v2\/comments?post=76"}],"version-history":[{"count":1,"href":"https:\/\/golfprodiscount.de\/dev\/wp-json\/wp\/v2\/pages\/76\/revisions"}],"predecessor-version":[{"id":77,"href":"https:\/\/golfprodiscount.de\/dev\/wp-json\/wp\/v2\/pages\/76\/revisions\/77"}],"wp:attachment":[{"href":"https:\/\/golfprodiscount.de\/dev\/wp-json\/wp\/v2\/media?parent=76"}],"curies":[{"name":"wp","href":"https:\/\/api.w.org\/{rel}","templated":true}]}}