{"id":89,"date":"2016-09-28T12:56:12","date_gmt":"2016-09-28T10:56:12","guid":{"rendered":"http:\/\/golfprodiscount.de\/dev\/?page_id=89"},"modified":"2016-09-28T13:07:51","modified_gmt":"2016-09-28T11:07:51","slug":"reparaturservice","status":"publish","type":"page","link":"https:\/\/golfprodiscount.de\/dev\/reparaturservice\/","title":{"rendered":"Reparaturservice"},"content":{"rendered":"<p>Ihr Putter ist kaputt?<\/p>\n<p>Ihr Schl\u00e4gerschaft gebrochen?<\/p>\n<p>Dann sollten Sie mit uns sprechen. Unser Reparaturservice macht meistens das unm\u00f6gliche m\u00f6glich und sorgt daf\u00fcr, dass Ihr gebrauchter und defekter Schl\u00e4ger wieder wie neu ist.<\/p>\n<p>Mehr Informationen zu unserem Golfschl\u00e4ger-Reparaturservice erhalten Sie per E-Mail an info@golfprodiscount.de oder telefonisch unter 0228\/9287472.<\/p>\n<p>Nat\u00fcrlich k\u00f6nnen Sie mit Ihrem defekten Schl\u00e4ger auch direkt bei uns vorbeikommen:<\/p>\n<p>Golfprodiscount GmbH<br \/>\nFriedrichstra\u00dfe 46<br \/>\n53111 Bonn<\/p>\n","protected":false},"excerpt":{"rendered":"<p>Ihr Putter ist kaputt? Ihr Schl\u00e4gerschaft gebrochen? Dann sollten Sie mit uns sprechen. Unser Reparaturservice macht meistens das unm\u00f6gliche m\u00f6glich und sorgt daf\u00fcr, dass Ihr gebrauchter und defekter Schl\u00e4ger wieder wie neu ist. Mehr Informationen zu unserem Golfschl\u00e4ger-Reparaturservice erhalten Sie per E-Mail an info@golfprodiscount.de oder telefonisch unter 0228\/9287472. Nat\u00fcrlich k\u00f6nnen Sie mit Ihrem defekten Schl\u00e4ger auch direkt bei uns vorbeikommen: [&hellip;]<\/p>\n","protected":false},"author":1,"featured_media":0,"parent":0,"menu_order":0,"comment_status":"closed","ping_status":"closed","template":"","meta":[],"_links":{"self":[{"href":"https:\/\/golfprodiscount.de\/dev\/wp-json\/wp\/v2\/pages\/89"}],"collection":[{"href":"https:\/\/golfprodiscount.de\/dev\/wp-json\/wp\/v2\/pages"}],"about":[{"href":"https:\/\/golfprodiscount.de\/dev\/wp-json\/wp\/v2\/types\/page"}],"author":[{"embeddable":true,"href":"https:\/\/golfprodiscount.de\/dev\/wp-json\/wp\/v2\/users\/1"}],"replies":[{"embeddable":true,"href":"https:\/\/golfprodiscount.de\/dev\/wp-json\/wp\/v2\/comments?post=89"}],"version-history":[{"count":1,"href":"https:\/\/golfprodiscount.de\/dev\/wp-json\/wp\/v2\/pages\/89\/revisions"}],"predecessor-version":[{"id":90,"href":"https:\/\/golfprodiscount.de\/dev\/wp-json\/wp\/v2\/pages\/89\/revisions\/90"}],"wp:attachment":[{"href":"https:\/\/golfprodiscount.de\/dev\/wp-json\/wp\/v2\/media?parent=89"}],"curies":[{"name":"wp","href":"https:\/\/api.w.org\/{rel}","templated":true}]}}